{"id":1968,"date":"2022-05-28T23:44:03","date_gmt":"2022-05-29T04:44:03","guid":{"rendered":"https:\/\/servigasesyenergia.com.co\/?page_id=1968"},"modified":"2022-05-29T00:29:21","modified_gmt":"2022-05-29T05:29:21","slug":"quienes-somos","status":"publish","type":"page","link":"https:\/\/servigasesyenergia.com.co\/index.php\/quienes-somos\/","title":{"rendered":"Quienes Somos"},"content":{"rendered":"<p>[vc_row][vc_column][vc_empty_space][vc_column_text]<\/p>\n<h2 style=\"text-align: center;\"><span style=\"color: #43cea2;\">Comprometidos con el Medio Ambiente<\/span><\/h2>\n<p>[\/vc_column_text][vc_empty_space][vc_column_text]<\/p>\n<h4 style=\"text-align: left;\"><strong>SERVIGASES Y ENERGIA SAS ESP<\/strong> nace en el a\u00f1o 2020 con el prop\u00f3sito de ofrecer a la sociedad actual\u00a0 tecnolog\u00edas sostenibles que contribuyan con la adaptabilidad y la mitigaci\u00f3n del cambio clim\u00e1tico en el \u00e1mbito de las energ\u00edas renovables-FNCER, el gas combustible por red de tuber\u00edas &#8211; GLP, las redes inteligentes, Smart Cities, el alumbrado p\u00fablico con tecnolog\u00eda Led, Microled, la eficiencia energ\u00e9tica, AOM de servicios p\u00fablicos domiciliarios y no domiciliarios y sus actividades conexas, sistemas de supervisi\u00f3n, control y telemedida, IoT.<\/h4>\n<h4 style=\"text-align: left;\">La empresa est\u00e1 cimentada sobre la base del desarrollo sostenible-ODS, COP 21 y Pacto Global, la mitigaci\u00f3n del cambio clim\u00e1tico, la transici\u00f3n energ\u00e9tica (Descarbonizaci\u00f3n, digitalizaci\u00f3n y descentralizaci\u00f3n- democratizaci\u00f3n-4D) la equidad de g\u00e9nero, la reducci\u00f3n de la pobreza, la seguridad alimentaria y los negocios inclusivos.<\/h4>\n<h4 style=\"text-align: left;\"><strong>SERVIGASES Y ENERGIA SAS ESP<\/strong> esta aliada con proveedores l\u00edderes en el mercado en soluciones de gas combustible por red de tuber\u00edas \u2013 GLP, agua potable y saneamiento b\u00e1sico, energ\u00eda renovable-FNCER, eficiencia y gesti\u00f3n energ\u00e9tica.<\/h4>\n<h4 style=\"text-align: left;\">Apoyamos nuestros clientes desde la asesor\u00eda, consultor\u00eda, interventor\u00eda, direcci\u00f3n de proyectos, planificaci\u00f3n, dise\u00f1o e ingenier\u00eda de detalle, construcci\u00f3n, pruebas; hasta la puesta en marcha y monitoreo del sistema (Proyectos llave en mano EPC).<\/h4>\n<p>[\/vc_column_text][vc_empty_space][\/vc_column][\/vc_row]<\/p>\n","protected":false},"excerpt":{"rendered":"<p>[vc_row][vc_column][vc_empty_space][vc_column_text] Comprometidos con el Medio Ambiente [\/vc_column_text][vc_empty_space][vc_column_text] SERVIGASES Y ENERGIA SAS ESP nace en el a\u00f1o 2020 con el prop\u00f3sito de ofrecer a la sociedad actual\u00a0 tecnolog\u00edas sostenibles que contribuyan con la adaptabilidad y la mitigaci\u00f3n del cambio clim\u00e1tico en el \u00e1mbito de las energ\u00edas renovables-FNCER, el gas combustible por red de tuber\u00edas &#8211; GLP, [&hellip;]<\/p>\n","protected":false},"author":1,"featured_media":0,"parent":0,"menu_order":0,"comment_status":"closed","ping_status":"closed","template":"","meta":{"footnotes":""},"class_list":["post-1968","page","type-page","status-publish","hentry"],"_links":{"self":[{"href":"https:\/\/servigasesyenergia.com.co\/index.php\/wp-json\/wp\/v2\/pages\/1968","targetHints":{"allow":["GET"]}}],"collection":[{"href":"https:\/\/servigasesyenergia.com.co\/index.php\/wp-json\/wp\/v2\/pages"}],"about":[{"href":"https:\/\/servigasesyenergia.com.co\/index.php\/wp-json\/wp\/v2\/types\/page"}],"author":[{"embeddable":true,"href":"https:\/\/servigasesyenergia.com.co\/index.php\/wp-json\/wp\/v2\/users\/1"}],"replies":[{"embeddable":true,"href":"https:\/\/servigasesyenergia.com.co\/index.php\/wp-json\/wp\/v2\/comments?post=1968"}],"version-history":[{"count":13,"href":"https:\/\/servigasesyenergia.com.co\/index.php\/wp-json\/wp\/v2\/pages\/1968\/revisions"}],"predecessor-version":[{"id":1982,"href":"https:\/\/servigasesyenergia.com.co\/index.php\/wp-json\/wp\/v2\/pages\/1968\/revisions\/1982"}],"wp:attachment":[{"href":"https:\/\/servigasesyenergia.com.co\/index.php\/wp-json\/wp\/v2\/media?parent=1968"}],"curies":[{"name":"wp","href":"https:\/\/api.w.org\/{rel}","templated":true}]}}