{"id":1985,"date":"2022-05-29T00:02:01","date_gmt":"2022-05-29T05:02:01","guid":{"rendered":"https:\/\/servigasesyenergia.com.co\/?page_id=1985"},"modified":"2022-05-29T00:29:10","modified_gmt":"2022-05-29T05:29:10","slug":"propuesta-de-valor","status":"publish","type":"page","link":"https:\/\/servigasesyenergia.com.co\/index.php\/propuesta-de-valor\/","title":{"rendered":"Propuesta de Valor"},"content":{"rendered":"<p>[vc_row][vc_column][vc_empty_space][vc_column_text]<\/p>\n<ul>\n<li>\n<h4>Distribuci\u00f3n, transporte, almacenamiento y comercializaci\u00f3n por red de tuber\u00edas de gas licuado de petr\u00f3leo-GLP.<\/h4>\n<\/li>\n<li>\n<h4>Construcci\u00f3n de redes e infraestructura para el suministro de GLP.<\/h4>\n<\/li>\n<li>\n<h4>Servicios adicionales-otras soluciones:<\/h4>\n<\/li>\n<\/ul>\n<h4 style=\"padding-left: 40px;\">\u2013 Servicios de instalaci\u00f3n y revisi\u00f3n a redes de GLP.<br \/>\n\u2013 Mantenimientos predictivos, preventivos y correctivos a tanques estacionarios de almacenamiento de GLP.<br \/>\n\u2013 Facturaci\u00f3n individual para conjuntos residenciales y condominios.<\/h4>\n<h4 style=\"padding-left: 40px;\">\u2013 Venta y comodato de tanques estacionarios de almacenamiento de GLP.<br \/>\n\u2013 Capacitaciones en los diferentes temas de gas licuado de petr\u00f3leo, al personal encargado de la manipulaci\u00f3n del GLP.<\/h4>\n<ul>\n<li>\n<h4>Asesor\u00eda de ingenier\u00eda en proyectos de GLP para el sector residencial, comercial, industrial, oficial, institucional y de servicios.<\/h4>\n<\/li>\n<li>\n<h4>Somos una empresa especializada en brindar consultor\u00eda a nivel residencial, industrial y comercial, apoyando el desarrollo de proyectos energ\u00e9ticos, que mejoren la rentabilidad y productividad de los procesos de nuestros clientes, convirti\u00e9ndonos en sus aliados estrat\u00e9gicos.<\/h4>\n<\/li>\n<li>\n<h4>Financiaci\u00f3n No bancaria (Suministro de gasodom\u00e9sticos y\/o construcci\u00f3n de redes internas).<\/h4>\n<\/li>\n<li>\n<h4>Contamos con un equipo con amplio conocimientoen servicios p\u00fablicos domiciliarios, no domiciliarios, actividades conexas y complementarias; enfocado en brindar soluciones quefortalecen la productividad y competitividad de sus clientes (suscriptor\/usuario) y grupos de inter\u00e9s.<\/h4>\n<\/li>\n<\/ul>\n<p>[\/vc_column_text][\/vc_column][\/vc_row]<\/p>\n","protected":false},"excerpt":{"rendered":"<p>[vc_row][vc_column][vc_empty_space][vc_column_text] Distribuci\u00f3n, transporte, almacenamiento y comercializaci\u00f3n por red de tuber\u00edas de gas licuado de petr\u00f3leo-GLP. Construcci\u00f3n de redes e infraestructura para el suministro de GLP. Servicios adicionales-otras soluciones: \u2013 Servicios de instalaci\u00f3n y revisi\u00f3n a redes de GLP. \u2013 Mantenimientos predictivos, preventivos y correctivos a tanques estacionarios de almacenamiento de GLP. \u2013 Facturaci\u00f3n individual para [&hellip;]<\/p>\n","protected":false},"author":1,"featured_media":0,"parent":0,"menu_order":0,"comment_status":"closed","ping_status":"closed","template":"","meta":{"footnotes":""},"class_list":["post-1985","page","type-page","status-publish","hentry"],"_links":{"self":[{"href":"https:\/\/servigasesyenergia.com.co\/index.php\/wp-json\/wp\/v2\/pages\/1985","targetHints":{"allow":["GET"]}}],"collection":[{"href":"https:\/\/servigasesyenergia.com.co\/index.php\/wp-json\/wp\/v2\/pages"}],"about":[{"href":"https:\/\/servigasesyenergia.com.co\/index.php\/wp-json\/wp\/v2\/types\/page"}],"author":[{"embeddable":true,"href":"https:\/\/servigasesyenergia.com.co\/index.php\/wp-json\/wp\/v2\/users\/1"}],"replies":[{"embeddable":true,"href":"https:\/\/servigasesyenergia.com.co\/index.php\/wp-json\/wp\/v2\/comments?post=1985"}],"version-history":[{"count":4,"href":"https:\/\/servigasesyenergia.com.co\/index.php\/wp-json\/wp\/v2\/pages\/1985\/revisions"}],"predecessor-version":[{"id":1989,"href":"https:\/\/servigasesyenergia.com.co\/index.php\/wp-json\/wp\/v2\/pages\/1985\/revisions\/1989"}],"wp:attachment":[{"href":"https:\/\/servigasesyenergia.com.co\/index.php\/wp-json\/wp\/v2\/media?parent=1985"}],"curies":[{"name":"wp","href":"https:\/\/api.w.org\/{rel}","templated":true}]}}