{"id":1991,"date":"2022-05-29T00:11:07","date_gmt":"2022-05-29T05:11:07","guid":{"rendered":"https:\/\/servigasesyenergia.com.co\/?page_id=1991"},"modified":"2022-05-29T00:25:08","modified_gmt":"2022-05-29T05:25:08","slug":"nuestro-proposito-empresarial","status":"publish","type":"page","link":"https:\/\/servigasesyenergia.com.co\/index.php\/nuestro-proposito-empresarial\/","title":{"rendered":"Nuestro Prop\u00f3sito Empresarial"},"content":{"rendered":"<p>[vc_row][vc_column][vc_empty_space][vc_column_text]<\/p>\n<h4 style=\"text-align: center;\">Es proveer a los clientes con una experiencia \u00fanica en la implementaci\u00f3n de gas combustible por red de tuber\u00edas \u2013 GLP, agua potable y saneamiento b\u00e1sico, energ\u00edas renovables \u201cDonde quiera y la necesite\u201d, gesti\u00f3n integral de la energ\u00eda; adem\u00e1s, de trabajar en equipo para que cada proyecto se convierta en una grata oportunidad de crecimiento econ\u00f3mico y desarrollo sostenible.<\/h4>\n<h4 style=\"text-align: center;\"><\/h4>\n<h4 style=\"text-align: center;\">Esto se logra a trav\u00e9s de la b\u00fasqueda de los mejores proveedores de equipos, accesorios y herramientas del mundo, y la oferta de un excelente servicio al cliente.<\/h4>\n<p>[\/vc_column_text][vc_empty_space][vc_column_text]<\/p>\n<h2 style=\"text-align: center;\"><span style=\"color: #43cea2;\"><strong>MISI\u00d3N DE LA COMPA\u00d1\u00cdA<\/strong><\/span><\/h2>\n<p>[\/vc_column_text][vc_column_text]<\/p>\n<h4 style=\"text-align: center;\">Ofrecer soluciones integrales en servicios p\u00fablicos domiciliarios y no domiciliarios, sus actividades conexas y complementarias incluido el gas combustible por red de tuber\u00edas \u2013 GLP, energ\u00edas renovables, eficiencia energ\u00e9tica y calidad de la energ\u00eda; para el crecimiento de los sectores residencial, comercial, industrial, oficial, servicios, institucional y de transporte.<\/h4>\n<h4 style=\"text-align: center;\">Contribuiremos a hacer m\u00e1s eficientes y eficaces los procesos productivos con el prop\u00f3sito de reducir costos de energ\u00eda, aumentar la rentabilidad, mejorar el confort y conservar la sustentabilidad ambiental del planeta; para garantizar un mundo mejor a las futuras generaciones.<\/h4>\n<p>[\/vc_column_text][vc_empty_space][vc_column_text]<\/p>\n<h2 style=\"text-align: center;\"><span style=\"color: #43cea2;\"><strong>VISI\u00d3N DE LA COMPA\u00d1\u00cdA<\/strong><\/span><\/h2>\n<p>[\/vc_column_text][vc_column_text]<\/p>\n<h4 style=\"text-align: center;\">Ser en el 2026 una empresa de clase mundial que se proyecta a la vanguardia en la innovaci\u00f3n, el desarrollo, la transferencia de conocimiento, la investigaci\u00f3n, dimensionamiento, dise\u00f1o detallado de ingenier\u00eda, suministro, montaje, pruebas, puesta en servicio y comercializaci\u00f3n de soluciones en servicios p\u00fablicos domiciliarios, no domiciliarios, actividades conexas y complementarias, energ\u00edas limpias, seguras, asequibles, confiables y sostenibles.<\/h4>\n<p>[\/vc_column_text][vc_empty_space][vc_column_text]<\/p>\n<h2 style=\"text-align: center;\"><span style=\"color: #43cea2;\"><strong>POL\u00cdTICA DE CALIDAD<\/strong><\/span><\/h2>\n<p>[\/vc_column_text][vc_column_text]<\/p>\n<h4 style=\"text-align: center;\">Lograr la satisfacci\u00f3n de nuestros clientes evaluando sus necesidades y expectativas, buscando e implementando innovaciones energ\u00e9ticas que, a partir del mejoramiento continuo de nuestros procesos, nos permitan ofrecer servicios y productos de alta calidad, confiables, seguros, de f\u00e1cil uso, con respaldo t\u00e9cnico y tecnol\u00f3gico de excelencia\u00a0y que cumplan los requisitos normativos tanto a nivel nacional e internacional.<\/h4>\n<p>[\/vc_column_text][vc_empty_space][\/vc_column][\/vc_row]<\/p>\n","protected":false},"excerpt":{"rendered":"<p>[vc_row][vc_column][vc_empty_space][vc_column_text] Es proveer a los clientes con una experiencia \u00fanica en la implementaci\u00f3n de gas combustible por red de tuber\u00edas \u2013 GLP, agua potable y saneamiento b\u00e1sico, energ\u00edas renovables \u201cDonde quiera y la necesite\u201d, gesti\u00f3n integral de la energ\u00eda; adem\u00e1s, de trabajar en equipo para que cada proyecto se convierta en una grata oportunidad de [&hellip;]<\/p>\n","protected":false},"author":1,"featured_media":0,"parent":0,"menu_order":0,"comment_status":"closed","ping_status":"closed","template":"","meta":{"footnotes":""},"class_list":["post-1991","page","type-page","status-publish","hentry"],"_links":{"self":[{"href":"https:\/\/servigasesyenergia.com.co\/index.php\/wp-json\/wp\/v2\/pages\/1991","targetHints":{"allow":["GET"]}}],"collection":[{"href":"https:\/\/servigasesyenergia.com.co\/index.php\/wp-json\/wp\/v2\/pages"}],"about":[{"href":"https:\/\/servigasesyenergia.com.co\/index.php\/wp-json\/wp\/v2\/types\/page"}],"author":[{"embeddable":true,"href":"https:\/\/servigasesyenergia.com.co\/index.php\/wp-json\/wp\/v2\/users\/1"}],"replies":[{"embeddable":true,"href":"https:\/\/servigasesyenergia.com.co\/index.php\/wp-json\/wp\/v2\/comments?post=1991"}],"version-history":[{"count":4,"href":"https:\/\/servigasesyenergia.com.co\/index.php\/wp-json\/wp\/v2\/pages\/1991\/revisions"}],"predecessor-version":[{"id":1993,"href":"https:\/\/servigasesyenergia.com.co\/index.php\/wp-json\/wp\/v2\/pages\/1991\/revisions\/1993"}],"wp:attachment":[{"href":"https:\/\/servigasesyenergia.com.co\/index.php\/wp-json\/wp\/v2\/media?parent=1991"}],"curies":[{"name":"wp","href":"https:\/\/api.w.org\/{rel}","templated":true}]}}